{"id":8,"date":"2026-02-13T20:01:14","date_gmt":"2026-02-13T19:01:14","guid":{"rendered":"http:\/\/arflex.com.pl\/?page_id=8"},"modified":"2026-02-13T20:48:10","modified_gmt":"2026-02-13T19:48:10","slug":"arflex-materialy-pakowe","status":"publish","type":"page","link":"https:\/\/arflex.com.pl\/","title":{"rendered":"ARFlex &#8211; TW\u00d3J partner w bezpiecznym pakowaniu."},"content":{"rendered":"\n<p class=\"has-text-align-left has-accent-5-background-color has-background has-small-font-size\"><strong><em>W ARFlex stawiamy na jako\u015b\u0107 naszych produkt\u00f3w<\/em><\/strong><\/p>\n\n\n\n<p class=\"has-text-align-center has-accent-5-background-color has-background\"><strong>Przyk\u0142adowe zdj\u0119cia<\/strong><\/p>\n\n\n\n<figure class=\"wp-block-gallery has-nested-images columns-default is-cropped wp-block-gallery-1 is-layout-flex wp-block-gallery-is-layout-flex\">\n<figure class=\"wp-block-image size-large\"><img fetchpriority=\"high\" decoding=\"async\" width=\"447\" height=\"447\" data-id=\"10\" src=\"http:\/\/arflex.com.pl\/wp-content\/uploads\/2026\/02\/IMG_1687.jpeg\" alt=\"\" class=\"wp-image-10\" srcset=\"https:\/\/arflex.com.pl\/wp-content\/uploads\/2026\/02\/IMG_1687.jpeg 447w, https:\/\/arflex.com.pl\/wp-content\/uploads\/2026\/02\/IMG_1687-300x300.jpeg 300w, https:\/\/arflex.com.pl\/wp-content\/uploads\/2026\/02\/IMG_1687-150x150.jpeg 150w\" sizes=\"(max-width: 447px) 100vw, 447px\" \/><\/figure>\n\n\n\n<figure class=\"wp-block-image size-large\"><img decoding=\"async\" width=\"554\" height=\"554\" data-id=\"13\" src=\"http:\/\/arflex.com.pl\/wp-content\/uploads\/2026\/02\/IMG_1684.jpeg\" alt=\"\" class=\"wp-image-13\" srcset=\"https:\/\/arflex.com.pl\/wp-content\/uploads\/2026\/02\/IMG_1684.jpeg 554w, https:\/\/arflex.com.pl\/wp-content\/uploads\/2026\/02\/IMG_1684-300x300.jpeg 300w, https:\/\/arflex.com.pl\/wp-content\/uploads\/2026\/02\/IMG_1684-150x150.jpeg 150w\" sizes=\"(max-width: 554px) 100vw, 554px\" \/><\/figure>\n\n\n\n<figure class=\"wp-block-image size-large\"><img decoding=\"async\" width=\"447\" height=\"447\" data-id=\"11\" src=\"http:\/\/arflex.com.pl\/wp-content\/uploads\/2026\/02\/IMG_1686.jpeg\" alt=\"\" class=\"wp-image-11\" srcset=\"https:\/\/arflex.com.pl\/wp-content\/uploads\/2026\/02\/IMG_1686.jpeg 447w, https:\/\/arflex.com.pl\/wp-content\/uploads\/2026\/02\/IMG_1686-300x300.jpeg 300w, https:\/\/arflex.com.pl\/wp-content\/uploads\/2026\/02\/IMG_1686-150x150.jpeg 150w\" sizes=\"(max-width: 447px) 100vw, 447px\" \/><\/figure>\n\n\n\n<figure class=\"wp-block-image size-large\"><img loading=\"lazy\" decoding=\"async\" width=\"447\" height=\"447\" data-id=\"22\" src=\"http:\/\/arflex.com.pl\/wp-content\/uploads\/2026\/02\/IMG_1691.jpeg\" alt=\"\" class=\"wp-image-22\" srcset=\"https:\/\/arflex.com.pl\/wp-content\/uploads\/2026\/02\/IMG_1691.jpeg 447w, https:\/\/arflex.com.pl\/wp-content\/uploads\/2026\/02\/IMG_1691-300x300.jpeg 300w, https:\/\/arflex.com.pl\/wp-content\/uploads\/2026\/02\/IMG_1691-150x150.jpeg 150w\" sizes=\"(max-width: 447px) 100vw, 447px\" \/><\/figure>\n\n\n\n<figure class=\"wp-block-image size-large\"><img loading=\"lazy\" decoding=\"async\" width=\"576\" height=\"384\" data-id=\"21\" src=\"http:\/\/arflex.com.pl\/wp-content\/uploads\/2026\/02\/IMG_1690.jpeg\" alt=\"\" class=\"wp-image-21\" srcset=\"https:\/\/arflex.com.pl\/wp-content\/uploads\/2026\/02\/IMG_1690.jpeg 576w, https:\/\/arflex.com.pl\/wp-content\/uploads\/2026\/02\/IMG_1690-300x200.jpeg 300w\" sizes=\"(max-width: 576px) 100vw, 576px\" \/><\/figure>\n\n\n\n<figure class=\"wp-block-image size-large\"><img loading=\"lazy\" decoding=\"async\" width=\"447\" height=\"447\" data-id=\"17\" src=\"http:\/\/arflex.com.pl\/wp-content\/uploads\/2026\/02\/IMG_1689.jpeg\" alt=\"\" class=\"wp-image-17\" srcset=\"https:\/\/arflex.com.pl\/wp-content\/uploads\/2026\/02\/IMG_1689.jpeg 447w, https:\/\/arflex.com.pl\/wp-content\/uploads\/2026\/02\/IMG_1689-300x300.jpeg 300w, https:\/\/arflex.com.pl\/wp-content\/uploads\/2026\/02\/IMG_1689-150x150.jpeg 150w\" sizes=\"(max-width: 447px) 100vw, 447px\" \/><\/figure>\n<\/figure>\n\n\n\n<p class=\"has-text-align-center has-accent-5-background-color has-background\"><br><strong>O nas<\/strong><\/p>\n\n\n\n<p class=\"has-accent-5-background-color has-background\">W <strong>ARFlex <\/strong>&#8211; Materia\u0142y pakowe wiemy, \u017ce ka\u017cde zam\u00f3wienie wys\u0142ane przez Twoj\u0105 firm\u0119 to Twoja wizyt\u00f3wka. Specjalizujemy si\u0119 w dostarczaniu najwy\u017cszej jako\u015bci rozwi\u0105za\u0144 z zakresu system\u00f3w pakowania, pomagaj\u0105c naszym klientom optymalizowa\u0107 procesy logistyczne i dba\u0107 o bezpiecze\u0144stwo towar\u00f3w w transporcie.<br><\/p>\n\n\n\n<p class=\"has-accent-5-background-color has-background\"><strong>Dlaczego my?<\/strong><br>Nasz fundament to produkcja folii stretch. Jako producent, sprawujemy pe\u0142n\u0105 kontrol\u0119 nad procesem powstawania folii, co pozwala nam zagwarantowa\u0107 jej ponadprzeci\u0119tn\u0105 wytrzyma\u0142o\u015b\u0107 i elastyczno\u015b\u0107. Nie jeste\u015bmy tylko dostawc\u0105 \u2013 jeste\u015bmy doradc\u0105, kt\u00f3ry dobierze odpowiednie materia\u0142y do specyfiki Twojego biznesu.<br><\/p>\n\n\n\n<p class=\"has-accent-5-background-color has-background\"><strong>Co znajdziesz w naszej ofercie?<\/strong><br>Zapewniamy kompleksowe zaopatrzenie magazyn\u00f3w w niezb\u0119dne materia\u0142y opakowaniowe:<br><strong>Folia Stretch (R\u0119czna i Maszynowa)<\/strong>: Nasz flagowy produkt. Oferujemy foli\u0119 o doskona\u0142ych parametrach rozci\u0105gu, kt\u00f3ra stabilizuje \u0142adunki na paletach, chroni\u0105c je przed wilgoci\u0105 i przesuni\u0119ciami.<br><strong>Ochrona powierzchni:<\/strong> Dostarczamy profesjonalne folie ochronne (do zabezpieczania detali przed zarysowaniem) oraz klasyczn\u0105 foli\u0119 p\u0119cherzykow\u0105, niezast\u0105pion\u0105 przy amortyzacji delikatnych przedmiot\u00f3w.<br><strong>Stabilizacja \u0142adunku:<\/strong> Nasze k\u0105towniki kartonowe to pewno\u015b\u0107, \u017ce kraw\u0119dzie Twoich towar\u00f3w pozostan\u0105 nienaruszone, a ca\u0142a struktura palety b\u0119dzie sztywna i bezpieczna.<br><strong>Opakowania i zamkni\u0119cia:<\/strong> Oferujemy szeroki wyb\u00f3r karton\u00f3w o r\u00f3\u017cnych wymiarach oraz mocne ta\u015bmy pakowe, kt\u00f3re gwarantuj\u0105 solidne zamkni\u0119cie ka\u017cdej przesy\u0142ki. <br><\/p>\n\n\n\n<p class=\"has-accent-5-background-color has-background\"><strong>Nasza misja: Solidno\u015b\u0107 w ka\u017cdym centymetrze<\/strong><br>Niezale\u017cnie od tego, czy prowadzisz ma\u0142y sklep internetowy, czy du\u017c\u0105 hal\u0119 produkcyjn\u0105, dostarczamy rozwi\u0105zania, kt\u00f3re oszcz\u0119dzaj\u0105 Tw\u00f3j czas i pieni\u0105dze. Stawiamy na terminowo\u015b\u0107, powtarzaln\u0105 jako\u015b\u0107 i partnerskie relacje.<br><strong>Zabezpiecz sw\u00f3j sukces razem z nami.<\/strong><\/p>\n\n\n\n<p class=\"has-text-align-center has-accent-5-background-color has-background\"><strong>Oferta<\/strong><\/p>\n\n\n\n<p class=\"has-accent-5-background-color has-background\">&#8211; folia stretch SF r\u0119czna i maszynowa , na \u017cyczenie klienta w formie beztubowej<\/p>\n\n\n\n<p class=\"has-accent-5-background-color has-background\">&#8211; folia PERFOROWANA &#8211; r\u0119czna i maszynowa &#8211; r\u00f3\u017cne rodzaje&nbsp;<\/p>\n\n\n\n<p class=\"has-accent-5-background-color has-background\">&#8211; folia BUDOWLANA<\/p>\n\n\n\n<p class=\"has-accent-5-background-color has-background\">&#8211;&nbsp;folia TERMOKURCZLIWA &#8211; (nietypowe na zam\u00f3wienie)<\/p>\n\n\n\n<p class=\"has-contrast-color has-accent-5-background-color has-text-color has-background has-link-color wp-elements-963e7bde3a617d2797f08ba0c9729c49\">&#8211; ta\u015bma TERMOTRANSFEROWA<\/p>\n\n\n\n<p class=\"has-accent-5-background-color has-background\">&#8211; ta\u015bmy SAMOPRZYLEPNE (r\u00f3\u017cne rodzaje)<\/p>\n\n\n\n<p class=\"has-accent-5-background-color has-background\">&#8211; kartony (r\u00f3\u017cne rodzaje)<\/p>\n\n\n\n<p class=\"has-text-align-center has-accent-5-background-color has-background\"><strong>Kontakt<\/strong><\/p>\n\n\n\n<p class=\"has-accent-5-background-color has-background\"><strong>E-Mail: <\/strong>biuro@arflex.com.pl <\/p>\n\n\n\n<p class=\"has-accent-5-background-color has-background\"><strong>Telefon:<\/strong> +48 503 527 565<\/p>\n\n\n\n<p class=\"has-accent-5-background-color has-background\"><strong>NIP:<\/strong> 7773458414<\/p>\n\n\n\n<p><\/p>\n","protected":false},"excerpt":{"rendered":"<p>W ARFlex stawiamy na jako\u015b\u0107 naszych produkt\u00f3w Przyk\u0142adowe zdj\u0119cia O nas W ARFlex &#8211; Materia\u0142y pakowe wiemy, \u017ce ka\u017cde zam\u00f3wienie wys\u0142ane przez Twoj\u0105 firm\u0119 to Twoja wizyt\u00f3wka. Specjalizujemy si\u0119 w dostarczaniu najwy\u017cszej jako\u015bci rozwi\u0105za\u0144 z zakresu system\u00f3w pakowania, pomagaj\u0105c naszym klientom optymalizowa\u0107 procesy logistyczne i dba\u0107 o bezpiecze\u0144stwo towar\u00f3w w transporcie. Dlaczego my?Nasz fundament to [&hellip;]<\/p>\n","protected":false},"author":1,"featured_media":0,"parent":0,"menu_order":0,"comment_status":"closed","ping_status":"closed","template":"","meta":{"footnotes":""},"class_list":["post-8","page","type-page","status-publish","hentry"],"yoast_head":"<!-- This site is optimized with the Yoast SEO plugin v27.0 - https:\/\/yoast.com\/product\/yoast-seo-wordpress\/ -->\n<title>ARFlex - TW\u00d3J partner w bezpiecznym pakowaniu. - ARFlex - Materia\u0142y pakowe Aldona Racha\u0144ska<\/title>\n<meta name=\"description\" content=\"Oficjalna strona Arflex kontakt, przyk\u0142adowe zdj\u0119cia oraz oferta\" \/>\n<meta name=\"robots\" content=\"index, follow, max-snippet:-1, max-image-preview:large, max-video-preview:-1\" \/>\n<link rel=\"canonical\" href=\"http:\/\/arflex.com.pl\/\" \/>\n<meta property=\"og:locale\" content=\"pl_PL\" \/>\n<meta property=\"og:type\" content=\"article\" \/>\n<meta property=\"og:title\" content=\"ARFlex - TW\u00d3J partner w bezpiecznym pakowaniu. - ARFlex - Materia\u0142y pakowe Aldona Racha\u0144ska\" \/>\n<meta property=\"og:description\" content=\"Oficjalna strona Arflex kontakt, przyk\u0142adowe zdj\u0119cia oraz oferta\" \/>\n<meta property=\"og:url\" content=\"http:\/\/arflex.com.pl\/\" \/>\n<meta property=\"og:site_name\" content=\"ARFlex - Materia\u0142y pakowe Aldona Racha\u0144ska\" \/>\n<meta property=\"article:modified_time\" content=\"2026-02-13T19:48:10+00:00\" \/>\n<meta property=\"og:image\" content=\"http:\/\/arflex.com.pl\/wp-content\/uploads\/2026\/02\/IMG_1687.jpeg\" \/>\n<meta name=\"twitter:card\" content=\"summary_large_image\" \/>\n<meta name=\"twitter:label1\" content=\"Szacowany czas czytania\" \/>\n\t<meta name=\"twitter:data1\" content=\"3 minuty\" \/>\n<script type=\"application\/ld+json\" class=\"yoast-schema-graph\">{\"@context\":\"https:\/\/schema.org\",\"@graph\":[{\"@type\":\"WebPage\",\"@id\":\"http:\/\/arflex.com.pl\/\",\"url\":\"http:\/\/arflex.com.pl\/\",\"name\":\"ARFlex - TW\u00d3J partner w bezpiecznym pakowaniu. - ARFlex - Materia\u0142y pakowe Aldona Racha\u0144ska\",\"isPartOf\":{\"@id\":\"http:\/\/arflex.com.pl\/#website\"},\"primaryImageOfPage\":{\"@id\":\"http:\/\/arflex.com.pl\/#primaryimage\"},\"image\":{\"@id\":\"http:\/\/arflex.com.pl\/#primaryimage\"},\"thumbnailUrl\":\"http:\/\/arflex.com.pl\/wp-content\/uploads\/2026\/02\/IMG_1687.jpeg\",\"datePublished\":\"2026-02-13T19:01:14+00:00\",\"dateModified\":\"2026-02-13T19:48:10+00:00\",\"description\":\"Oficjalna strona Arflex kontakt, przyk\u0142adowe zdj\u0119cia oraz oferta\",\"breadcrumb\":{\"@id\":\"http:\/\/arflex.com.pl\/#breadcrumb\"},\"inLanguage\":\"pl-PL\",\"potentialAction\":[{\"@type\":\"ReadAction\",\"target\":[\"http:\/\/arflex.com.pl\/\"]}]},{\"@type\":\"ImageObject\",\"inLanguage\":\"pl-PL\",\"@id\":\"http:\/\/arflex.com.pl\/#primaryimage\",\"url\":\"https:\/\/arflex.com.pl\/wp-content\/uploads\/2026\/02\/IMG_1687.jpeg\",\"contentUrl\":\"https:\/\/arflex.com.pl\/wp-content\/uploads\/2026\/02\/IMG_1687.jpeg\",\"width\":447,\"height\":447},{\"@type\":\"BreadcrumbList\",\"@id\":\"http:\/\/arflex.com.pl\/#breadcrumb\",\"itemListElement\":[{\"@type\":\"ListItem\",\"position\":1,\"name\":\"Home\",\"item\":\"http:\/\/arflex.com.pl\/\"},{\"@type\":\"ListItem\",\"position\":2,\"name\":\"ARFlex &#8211; TW\u00d3J partner w bezpiecznym pakowaniu.\"}]},{\"@type\":\"WebSite\",\"@id\":\"http:\/\/arflex.com.pl\/#website\",\"url\":\"http:\/\/arflex.com.pl\/\",\"name\":\"ARFlex - Materia\u0142y pakowe Aldona Racha\u0144ska\",\"description\":\"\",\"potentialAction\":[{\"@type\":\"SearchAction\",\"target\":{\"@type\":\"EntryPoint\",\"urlTemplate\":\"http:\/\/arflex.com.pl\/?s={search_term_string}\"},\"query-input\":{\"@type\":\"PropertyValueSpecification\",\"valueRequired\":true,\"valueName\":\"search_term_string\"}}],\"inLanguage\":\"pl-PL\"}]}<\/script>\n<!-- \/ Yoast SEO plugin. -->","yoast_head_json":{"title":"ARFlex - TW\u00d3J partner w bezpiecznym pakowaniu. - ARFlex - Materia\u0142y pakowe Aldona Racha\u0144ska","description":"Oficjalna strona Arflex kontakt, przyk\u0142adowe zdj\u0119cia oraz oferta","robots":{"index":"index","follow":"follow","max-snippet":"max-snippet:-1","max-image-preview":"max-image-preview:large","max-video-preview":"max-video-preview:-1"},"canonical":"http:\/\/arflex.com.pl\/","og_locale":"pl_PL","og_type":"article","og_title":"ARFlex - TW\u00d3J partner w bezpiecznym pakowaniu. - ARFlex - Materia\u0142y pakowe Aldona Racha\u0144ska","og_description":"Oficjalna strona Arflex kontakt, przyk\u0142adowe zdj\u0119cia oraz oferta","og_url":"http:\/\/arflex.com.pl\/","og_site_name":"ARFlex - Materia\u0142y pakowe Aldona Racha\u0144ska","article_modified_time":"2026-02-13T19:48:10+00:00","og_image":[{"url":"http:\/\/arflex.com.pl\/wp-content\/uploads\/2026\/02\/IMG_1687.jpeg","type":"","width":"","height":""}],"twitter_card":"summary_large_image","twitter_misc":{"Szacowany czas czytania":"3 minuty"},"schema":{"@context":"https:\/\/schema.org","@graph":[{"@type":"WebPage","@id":"http:\/\/arflex.com.pl\/","url":"http:\/\/arflex.com.pl\/","name":"ARFlex - TW\u00d3J partner w bezpiecznym pakowaniu. - ARFlex - Materia\u0142y pakowe Aldona Racha\u0144ska","isPartOf":{"@id":"http:\/\/arflex.com.pl\/#website"},"primaryImageOfPage":{"@id":"http:\/\/arflex.com.pl\/#primaryimage"},"image":{"@id":"http:\/\/arflex.com.pl\/#primaryimage"},"thumbnailUrl":"http:\/\/arflex.com.pl\/wp-content\/uploads\/2026\/02\/IMG_1687.jpeg","datePublished":"2026-02-13T19:01:14+00:00","dateModified":"2026-02-13T19:48:10+00:00","description":"Oficjalna strona Arflex kontakt, przyk\u0142adowe zdj\u0119cia oraz oferta","breadcrumb":{"@id":"http:\/\/arflex.com.pl\/#breadcrumb"},"inLanguage":"pl-PL","potentialAction":[{"@type":"ReadAction","target":["http:\/\/arflex.com.pl\/"]}]},{"@type":"ImageObject","inLanguage":"pl-PL","@id":"http:\/\/arflex.com.pl\/#primaryimage","url":"https:\/\/arflex.com.pl\/wp-content\/uploads\/2026\/02\/IMG_1687.jpeg","contentUrl":"https:\/\/arflex.com.pl\/wp-content\/uploads\/2026\/02\/IMG_1687.jpeg","width":447,"height":447},{"@type":"BreadcrumbList","@id":"http:\/\/arflex.com.pl\/#breadcrumb","itemListElement":[{"@type":"ListItem","position":1,"name":"Home","item":"http:\/\/arflex.com.pl\/"},{"@type":"ListItem","position":2,"name":"ARFlex &#8211; TW\u00d3J partner w bezpiecznym pakowaniu."}]},{"@type":"WebSite","@id":"http:\/\/arflex.com.pl\/#website","url":"http:\/\/arflex.com.pl\/","name":"ARFlex - Materia\u0142y pakowe Aldona Racha\u0144ska","description":"","potentialAction":[{"@type":"SearchAction","target":{"@type":"EntryPoint","urlTemplate":"http:\/\/arflex.com.pl\/?s={search_term_string}"},"query-input":{"@type":"PropertyValueSpecification","valueRequired":true,"valueName":"search_term_string"}}],"inLanguage":"pl-PL"}]}},"_links":{"self":[{"href":"https:\/\/arflex.com.pl\/index.php?rest_route=\/wp\/v2\/pages\/8","targetHints":{"allow":["GET"]}}],"collection":[{"href":"https:\/\/arflex.com.pl\/index.php?rest_route=\/wp\/v2\/pages"}],"about":[{"href":"https:\/\/arflex.com.pl\/index.php?rest_route=\/wp\/v2\/types\/page"}],"author":[{"embeddable":true,"href":"https:\/\/arflex.com.pl\/index.php?rest_route=\/wp\/v2\/users\/1"}],"replies":[{"embeddable":true,"href":"https:\/\/arflex.com.pl\/index.php?rest_route=%2Fwp%2Fv2%2Fcomments&post=8"}],"version-history":[{"count":7,"href":"https:\/\/arflex.com.pl\/index.php?rest_route=\/wp\/v2\/pages\/8\/revisions"}],"predecessor-version":[{"id":33,"href":"https:\/\/arflex.com.pl\/index.php?rest_route=\/wp\/v2\/pages\/8\/revisions\/33"}],"wp:attachment":[{"href":"https:\/\/arflex.com.pl\/index.php?rest_route=%2Fwp%2Fv2%2Fmedia&parent=8"}],"curies":[{"name":"wp","href":"https:\/\/api.w.org\/{rel}","templated":true}]}}